{"id":4,"date":"2021-04-06T18:08:21","date_gmt":"2021-04-06T22:08:21","guid":{"rendered":"https:\/\/eboat.moxiworks.com\/housetohometeam\/team-home"},"modified":"2021-04-06T18:08:21","modified_gmt":"2021-04-06T22:08:21","slug":"team-home","status":"publish","type":"page","link":"https:\/\/housetohome.c21.ca\/fr-ca","title":{"rendered":"Team Home"},"content":{"rendered":"\n<h2>\n\t\tNOTRE MISSION : OFFRIR UNE EXP\u00c9RIENCE EXTRAORDINAIRE\n\t<\/h2>\n\t<p>\u00c0 titre de courtiers immobiliers CENTURY\u00a021<sup>MD<\/sup>, nous nous engageons \u00e0 vous offrir un service de la plus haute qualit\u00e9, en alliant nos connaissances exceptionnelles du march\u00e9 immobilier local \u00e0 la puissance de la marque CENTURY\u00a021, l&#8217;une des banni\u00e8res immobili\u00e8res les plus reconnues au monde.<\/p>\n\n\n<h2>\n\t\tNOUVELLES DU QUARTIER\n\t<\/h2>\n\t<p>Vous voulez en savoir plus sur un quartier en particulier? <strong>Remplissez le formulaire pour d\u00e9marrer.<\/strong><\/p>\n\n\n\t\t\t<a href=\"\/neighborhood-news\" target=\"_self\" rel=\"noopener\">\n\t\t\t\t\t\t\tCOMMENCER\n\t\t\t\t\t<\/a>\n\t\t\t\t<img decoding=\"async\" src=\"https:\/\/www.c21.ca\/files\/2021\/04\/french_neighborhood-news-iphone-mockup-cropped-1024x942-1.png\" alt=\"french_neighborhood-news-iphone-mockup-cropped-1024x942-1\" height=\"942\" width=\"1024\" title=\"french_neighborhood-news-iphone-mockup-cropped-1024x942-1\" \/>\n\n","protected":false},"excerpt":{"rendered":"<p>NOTRE MISSION : OFFRIR UNE EXP\u00c9RIENCE EXTRAORDINAIRE \u00c0 titre de courtiers immobiliers CENTURY\u00a021MD, nous nous engageons \u00e0 vous offrir un service de la plus haute qualit\u00e9, en alliant nos connaissances exceptionnelles du march\u00e9 immobilier local \u00e0 la puissance de la marque CENTURY\u00a021, l&#8217;une des banni\u00e8res immobili\u00e8res les plus reconnues au monde. NOUVELLES DU QUARTIER Vous [&hellip;]<\/p>\n","protected":false},"author":77,"featured_media":0,"parent":0,"menu_order":0,"comment_status":"closed","ping_status":"closed","template":"","meta":{"footnotes":""},"class_list":["post-4","page","type-page","status-publish","hentry"],"_links":{"self":[{"href":"https:\/\/housetohome.c21.ca\/fr-ca\/wp-json\/wp\/v2\/pages\/4","targetHints":{"allow":["GET"]}}],"collection":[{"href":"https:\/\/housetohome.c21.ca\/fr-ca\/wp-json\/wp\/v2\/pages"}],"about":[{"href":"https:\/\/housetohome.c21.ca\/fr-ca\/wp-json\/wp\/v2\/types\/page"}],"author":[{"embeddable":true,"href":"https:\/\/housetohome.c21.ca\/fr-ca\/wp-json\/wp\/v2\/users\/77"}],"replies":[{"embeddable":true,"href":"https:\/\/housetohome.c21.ca\/fr-ca\/wp-json\/wp\/v2\/comments?post=4"}],"version-history":[{"count":0,"href":"https:\/\/housetohome.c21.ca\/fr-ca\/wp-json\/wp\/v2\/pages\/4\/revisions"}],"wp:attachment":[{"href":"https:\/\/housetohome.c21.ca\/fr-ca\/wp-json\/wp\/v2\/media?parent=4"}],"curies":[{"name":"wp","href":"https:\/\/api.w.org\/{rel}","templated":true}]}}